{"id":6497,"date":"2025-08-13T15:09:19","date_gmt":"2025-08-13T13:09:19","guid":{"rendered":"https:\/\/www.goldheinrich.de\/accessibility-statement\/"},"modified":"2025-11-24T02:00:46","modified_gmt":"2025-11-24T01:00:46","slug":"barrierefreiheitserklaerung","status":"publish","type":"page","link":"https:\/\/www.goldheinrich.de\/en\/barrierefreiheitserklaerung\/","title":{"rendered":"Barrierefreiheitserkl\u00e4rung"},"content":{"rendered":"<p data-start=\"260\" data-end=\"322\">\n<p data-start=\"260\" data-end=\"322\"><strong data-start=\"260\" data-end=\"322\">Accessibility Statement for <a class=\"decorated-link\" href=\"https:\/\/www.goldheinrich.de\/en\/\" target=\"_new\" rel=\"noopener\" data-start=\"293\" data-end=\"320\">https:\/\/www.goldheinrich.de<\/a><\/strong><\/p>\n<p data-start=\"324\" data-end=\"624\">Gold Heinrich GmbH is committed to continuously improving digital accessibility for people with disabilities. The goal is to design our website so that it is fully usable by everyone, regardless of physical or cognitive limitations.<\/p>\n<p data-start=\"626\" data-end=\"1084\"><strong data-start=\"626\" data-end=\"675\">Status of compliance with requirements<\/strong><br data-start=\"675\" data-end=\"678\" \/>This website is partially compliant with the requirements of EU Directive 2102\/2016, the Web Content Accessibility Guidelines (WCAG) 2.1, Level AA, as well as the Accessibility Enhancement Act (BFSG), which has been in effect since June 28, 2025.<br data-start=\"919\" data-end=\"922\" \/>Some content is not yet fully accessible. We are working to eliminate these barriers through a continuous improvement process.<\/p>\n<p data-start=\"1086\" data-end=\"1565\"><strong data-start=\"1086\" data-end=\"1117\">Non-accessible content<\/strong><br data-start=\"1117\" data-end=\"1120\" \/>Currently, the following content, in particular, is not yet fully accessible:<br data-start=\"1199\" data-end=\"1202\" \/>Embedded media content (e.g., videos) without subtitles<br data-start=\"1261\" data-end=\"1264\" \/>\u2013 Partially missing alt text for older image content<br data-start=\"1325\" data-end=\"1328\" \/>\u2013 Individual PDF or document files that are not fully accessible with screen readers<br data-start=\"1420\" data-end=\"1423\" \/>We are working to resolve these issues as quickly as possible. If you encounter any specific barriers, we would appreciate your feedback.<\/p>\n<p data-start=\"1567\" data-end=\"1800\"><strong data-start=\"1567\" data-end=\"1591\">Feedback and Contact<\/strong><br data-start=\"1591\" data-end=\"1594\" \/>If you notice any accessibility barriers on our website or have questions about accessibility, please contact us at:<br data-start=\"1713\" data-end=\"1716\" \/>Email: <a class=\"decorated-link cursor-pointer\" rel=\"noopener\" data-start=\"1724\" data-end=\"1744\">info@goldheinrich.de<\/a><br data-start=\"1744\" data-end=\"1747\" \/>Response time: typically within 3-5 business days<\/p>\n<p data-start=\"1802\" data-end=\"2219\"><strong data-start=\"1802\" data-end=\"1828\">Enforcement proceedings<\/strong><br data-start=\"1828\" data-end=\"1831\" \/>If you feel that your accessibility request has not been satisfactorily answered, you can contact the enforcement body:<br data-start=\"1990\" data-end=\"1993\" \/>Arbitration Board for the General Equal Treatment Act<br data-start=\"2015\" data-end=\"2018\" \/>with the Federal Government Commissioner for Matters relating to Persons with Disabilities<br data-start=\"2105\" data-end=\"2108\" \/>Mauerstra\u00dfe 53, 10117 Berlin<br data-start=\"2136\" data-end=\"2139\" \/>Email: <a class=\"decorated-link cursor-pointer\" rel=\"noopener\" data-start=\"2147\" data-end=\"2177\">info@schlichtungsstelle-bgg.de<\/a><br data-start=\"2177\" data-end=\"2180\" \/>Website <a class=\"decorated-link\" href=\"http:\/\/www.schlichtungsstelle-bgg.de\/\" target=\"_new\" rel=\"noopener\" data-start=\"2190\" data-end=\"2219\" data-is-only-node=\"\">www.schlichtungsstelle-bgg.de<\/a><\/p>\n<p data-start=\"2221\" data-end=\"2325\"><strong data-start=\"2221\" data-end=\"2241\">Creation date<\/strong><br data-start=\"2241\" data-end=\"2244\" \/>This explanation was created on 08\/13\/2025 and last reviewed on 08\/13\/2025.<\/p>","protected":false},"excerpt":{"rendered":"<p>Barrierefreiheitserkl\u00e4rung f\u00fcr https:\/\/www.goldheinrich.de Die Gold Heinrich GmbH setzt sich daf\u00fcr ein, die digitale Barrierefreiheit f\u00fcr Menschen mit Behinderungen kontinuierlich zu verbessern. Ziel ist es, unsere Website so zu gestalten, dass sie f\u00fcr alle Menschen \u2013 unabh\u00e4ngig von k\u00f6rperlichen oder kognitiven Einschr\u00e4nkungen \u2013 uneingeschr\u00e4nkt nutzbar ist. Stand der Vereinbarkeit mit den AnforderungenDiese Website ist teilweise konform [&hellip;]<\/p>\n","protected":false},"author":6,"featured_media":0,"parent":0,"menu_order":0,"comment_status":"closed","ping_status":"closed","template":"","meta":{"footnotes":""},"class_list":["post-6497","page","type-page","status-publish","hentry"],"yoast_head":"<!-- This site is optimized with the Yoast SEO plugin v27.5 - https:\/\/yoast.com\/product\/yoast-seo-wordpress\/ -->\n<title>Barrierefreiheitserkl\u00e4rung - Juwelier Gold Heinrich GmbH<\/title>\n<meta name=\"robots\" content=\"index, follow, max-snippet:-1, max-image-preview:large, max-video-preview:-1\" \/>\n<link rel=\"canonical\" href=\"https:\/\/www.goldheinrich.de\/en\/barrierefreiheitserklaerung\/\" \/>\n<meta property=\"og:locale\" content=\"en_US\" \/>\n<meta property=\"og:type\" content=\"article\" \/>\n<meta property=\"og:title\" content=\"Barrierefreiheitserkl\u00e4rung - Juwelier Gold Heinrich GmbH\" \/>\n<meta property=\"og:description\" content=\"Barrierefreiheitserkl\u00e4rung f\u00fcr https:\/\/www.goldheinrich.de Die Gold Heinrich GmbH setzt sich daf\u00fcr ein, die digitale Barrierefreiheit f\u00fcr Menschen mit Behinderungen kontinuierlich zu verbessern. Ziel ist es, unsere Website so zu gestalten, dass sie f\u00fcr alle Menschen \u2013 unabh\u00e4ngig von k\u00f6rperlichen oder kognitiven Einschr\u00e4nkungen \u2013 uneingeschr\u00e4nkt nutzbar ist. Stand der Vereinbarkeit mit den AnforderungenDiese Website ist teilweise konform [&hellip;]\" \/>\n<meta property=\"og:url\" content=\"https:\/\/www.goldheinrich.de\/en\/barrierefreiheitserklaerung\/\" \/>\n<meta property=\"og:site_name\" content=\"Juwelier Gold Heinrich GmbH\" \/>\n<meta property=\"article:modified_time\" content=\"2025-11-24T01:00:46+00:00\" \/>\n<meta name=\"twitter:card\" content=\"summary_large_image\" \/>\n<meta name=\"twitter:label1\" content=\"Est. reading time\" \/>\n\t<meta name=\"twitter:data1\" content=\"2 minutes\" \/>\n<script type=\"application\/ld+json\" class=\"yoast-schema-graph\">{\"@context\":\"https:\\\/\\\/schema.org\",\"@graph\":[{\"@type\":\"WebPage\",\"@id\":\"https:\\\/\\\/www.goldheinrich.de\\\/barrierefreiheitserklaerung\\\/\",\"url\":\"https:\\\/\\\/www.goldheinrich.de\\\/barrierefreiheitserklaerung\\\/\",\"name\":\"Barrierefreiheitserkl\u00e4rung - Juwelier Gold Heinrich GmbH\",\"isPartOf\":{\"@id\":\"https:\\\/\\\/www.goldheinrich.de\\\/#website\"},\"datePublished\":\"2025-08-13T13:09:19+00:00\",\"dateModified\":\"2025-11-24T01:00:46+00:00\",\"breadcrumb\":{\"@id\":\"https:\\\/\\\/www.goldheinrich.de\\\/barrierefreiheitserklaerung\\\/#breadcrumb\"},\"inLanguage\":\"en-US\",\"potentialAction\":[{\"@type\":\"ReadAction\",\"target\":[\"https:\\\/\\\/www.goldheinrich.de\\\/barrierefreiheitserklaerung\\\/\"]}]},{\"@type\":\"BreadcrumbList\",\"@id\":\"https:\\\/\\\/www.goldheinrich.de\\\/barrierefreiheitserklaerung\\\/#breadcrumb\",\"itemListElement\":[{\"@type\":\"ListItem\",\"position\":1,\"name\":\"Startseite\",\"item\":\"https:\\\/\\\/www.goldheinrich.de\\\/\"},{\"@type\":\"ListItem\",\"position\":2,\"name\":\"Barrierefreiheitserkl\u00e4rung\"}]},{\"@type\":\"WebSite\",\"@id\":\"https:\\\/\\\/www.goldheinrich.de\\\/#website\",\"url\":\"https:\\\/\\\/www.goldheinrich.de\\\/\",\"name\":\"Juwelier Gold Heinrich GmbH\",\"description\":\"Feinster Schmuck und Goldrichtiger Service \u2013 Ihr Juwelier aus Neu-Ulm.\",\"publisher\":{\"@id\":\"https:\\\/\\\/www.goldheinrich.de\\\/#organization\"},\"potentialAction\":[{\"@type\":\"SearchAction\",\"target\":{\"@type\":\"EntryPoint\",\"urlTemplate\":\"https:\\\/\\\/www.goldheinrich.de\\\/?s={search_term_string}\"},\"query-input\":{\"@type\":\"PropertyValueSpecification\",\"valueRequired\":true,\"valueName\":\"search_term_string\"}}],\"inLanguage\":\"en-US\"},{\"@type\":\"Organization\",\"@id\":\"https:\\\/\\\/www.goldheinrich.de\\\/#organization\",\"name\":\"Juwelier Gold Heinrich GmbH\",\"url\":\"https:\\\/\\\/www.goldheinrich.de\\\/\",\"logo\":{\"@type\":\"ImageObject\",\"inLanguage\":\"en-US\",\"@id\":\"https:\\\/\\\/www.goldheinrich.de\\\/#\\\/schema\\\/logo\\\/image\\\/\",\"url\":\"https:\\\/\\\/www.goldheinrich.de\\\/wp-content\\\/uploads\\\/2025\\\/03\\\/Logo-Goldheinrich-GmbH-Webseite-Header.jpg\",\"contentUrl\":\"https:\\\/\\\/www.goldheinrich.de\\\/wp-content\\\/uploads\\\/2025\\\/03\\\/Logo-Goldheinrich-GmbH-Webseite-Header.jpg\",\"width\":1920,\"height\":700,\"caption\":\"Juwelier Gold Heinrich GmbH\"},\"image\":{\"@id\":\"https:\\\/\\\/www.goldheinrich.de\\\/#\\\/schema\\\/logo\\\/image\\\/\"}}]}<\/script>\n<!-- \/ Yoast SEO plugin. -->","yoast_head_json":{"title":"Barrierefreiheitserkl\u00e4rung - Juwelier Gold Heinrich GmbH","robots":{"index":"index","follow":"follow","max-snippet":"max-snippet:-1","max-image-preview":"max-image-preview:large","max-video-preview":"max-video-preview:-1"},"canonical":"https:\/\/www.goldheinrich.de\/en\/barrierefreiheitserklaerung\/","og_locale":"en_US","og_type":"article","og_title":"Barrierefreiheitserkl\u00e4rung - Juwelier Gold Heinrich GmbH","og_description":"Barrierefreiheitserkl\u00e4rung f\u00fcr https:\/\/www.goldheinrich.de Die Gold Heinrich GmbH setzt sich daf\u00fcr ein, die digitale Barrierefreiheit f\u00fcr Menschen mit Behinderungen kontinuierlich zu verbessern. Ziel ist es, unsere Website so zu gestalten, dass sie f\u00fcr alle Menschen \u2013 unabh\u00e4ngig von k\u00f6rperlichen oder kognitiven Einschr\u00e4nkungen \u2013 uneingeschr\u00e4nkt nutzbar ist. Stand der Vereinbarkeit mit den AnforderungenDiese Website ist teilweise konform [&hellip;]","og_url":"https:\/\/www.goldheinrich.de\/en\/barrierefreiheitserklaerung\/","og_site_name":"Juwelier Gold Heinrich GmbH","article_modified_time":"2025-11-24T01:00:46+00:00","twitter_card":"summary_large_image","twitter_misc":{"Est. reading time":"2 minutes"},"schema":{"@context":"https:\/\/schema.org","@graph":[{"@type":"WebPage","@id":"https:\/\/www.goldheinrich.de\/barrierefreiheitserklaerung\/","url":"https:\/\/www.goldheinrich.de\/barrierefreiheitserklaerung\/","name":"Barrierefreiheitserkl\u00e4rung - Juwelier Gold Heinrich GmbH","isPartOf":{"@id":"https:\/\/www.goldheinrich.de\/#website"},"datePublished":"2025-08-13T13:09:19+00:00","dateModified":"2025-11-24T01:00:46+00:00","breadcrumb":{"@id":"https:\/\/www.goldheinrich.de\/barrierefreiheitserklaerung\/#breadcrumb"},"inLanguage":"en-US","potentialAction":[{"@type":"ReadAction","target":["https:\/\/www.goldheinrich.de\/barrierefreiheitserklaerung\/"]}]},{"@type":"BreadcrumbList","@id":"https:\/\/www.goldheinrich.de\/barrierefreiheitserklaerung\/#breadcrumb","itemListElement":[{"@type":"ListItem","position":1,"name":"Startseite","item":"https:\/\/www.goldheinrich.de\/"},{"@type":"ListItem","position":2,"name":"Barrierefreiheitserkl\u00e4rung"}]},{"@type":"WebSite","@id":"https:\/\/www.goldheinrich.de\/#website","url":"https:\/\/www.goldheinrich.de\/","name":"Jeweler Gold Heinrich GmbH","description":"Fine Jewelry and Golden Service \u2013 Your Jeweler from Neu-Ulm.","publisher":{"@id":"https:\/\/www.goldheinrich.de\/#organization"},"potentialAction":[{"@type":"SearchAction","target":{"@type":"EntryPoint","urlTemplate":"https:\/\/www.goldheinrich.de\/?s={search_term_string}"},"query-input":{"@type":"PropertyValueSpecification","valueRequired":true,"valueName":"search_term_string"}}],"inLanguage":"en-US"},{"@type":"Organization","@id":"https:\/\/www.goldheinrich.de\/#organization","name":"Jeweler Gold Heinrich GmbH","url":"https:\/\/www.goldheinrich.de\/","logo":{"@type":"ImageObject","inLanguage":"en-US","@id":"https:\/\/www.goldheinrich.de\/#\/schema\/logo\/image\/","url":"https:\/\/www.goldheinrich.de\/wp-content\/uploads\/2025\/03\/Logo-Goldheinrich-GmbH-Webseite-Header.jpg","contentUrl":"https:\/\/www.goldheinrich.de\/wp-content\/uploads\/2025\/03\/Logo-Goldheinrich-GmbH-Webseite-Header.jpg","width":1920,"height":700,"caption":"Juwelier Gold Heinrich GmbH"},"image":{"@id":"https:\/\/www.goldheinrich.de\/#\/schema\/logo\/image\/"}}]}},"jetpack_sharing_enabled":true,"_links":{"self":[{"href":"https:\/\/www.goldheinrich.de\/en\/wp-json\/wp\/v2\/pages\/6497","targetHints":{"allow":["GET"]}}],"collection":[{"href":"https:\/\/www.goldheinrich.de\/en\/wp-json\/wp\/v2\/pages"}],"about":[{"href":"https:\/\/www.goldheinrich.de\/en\/wp-json\/wp\/v2\/types\/page"}],"author":[{"embeddable":true,"href":"https:\/\/www.goldheinrich.de\/en\/wp-json\/wp\/v2\/users\/6"}],"replies":[{"embeddable":true,"href":"https:\/\/www.goldheinrich.de\/en\/wp-json\/wp\/v2\/comments?post=6497"}],"version-history":[{"count":0,"href":"https:\/\/www.goldheinrich.de\/en\/wp-json\/wp\/v2\/pages\/6497\/revisions"}],"wp:attachment":[{"href":"https:\/\/www.goldheinrich.de\/en\/wp-json\/wp\/v2\/media?parent=6497"}],"curies":[{"name":"WordPress","href":"https:\/\/api.w.org\/{rel}","templated":true}]}}