{"id":4864,"date":"2025-02-13T16:30:20","date_gmt":"2025-02-13T15:30:20","guid":{"rendered":"https:\/\/www.goldheinrich.de\/mein-konto\/"},"modified":"2025-06-01T16:18:12","modified_gmt":"2025-06-01T14:18:12","slug":"mein-konto","status":"publish","type":"page","link":"https:\/\/www.goldheinrich.de\/en\/mein-konto\/","title":{"rendered":"Mein Konto"},"content":{"rendered":"<div data-elementor-type=\"wp-page\" data-elementor-id=\"4864\" class=\"elementor elementor-4864\" data-elementor-post-type=\"page\">\n\t\t\t\t\t\t<section data-particle_enable=\"false\" data-particle-mobile-disabled=\"false\" class=\"elementor-section elementor-top-section elementor-element elementor-element-66aecdea elementor-section-boxed elementor-section-height-default elementor-section-height-default\" data-id=\"66aecdea\" data-element_type=\"section\" data-e-type=\"section\" data-settings=\"{&quot;background_background&quot;:&quot;gradient&quot;}\">\n\t\t\t\t\t\t<div class=\"elementor-container elementor-column-gap-default\">\n\t\t\t\t\t<div class=\"elementor-column elementor-col-100 elementor-top-column elementor-element elementor-element-6e4abe1a\" data-id=\"6e4abe1a\" data-element_type=\"column\" data-e-type=\"column\">\n\t\t\t<div class=\"elementor-widget-wrap elementor-element-populated\">\n\t\t\t\t\t\t<div class=\"elementor-element elementor-element-51993af1 elementor-widget elementor-widget-heading\" data-id=\"51993af1\" data-element_type=\"widget\" data-e-type=\"widget\" data-widget_type=\"heading.default\">\n\t\t\t\t<div class=\"elementor-widget-container\">\n\t\t\t\t\t<h2 class=\"elementor-heading-title elementor-size-default\">Mein Gold Heinrich-Konto<\/h2>\t\t\t\t<\/div>\n\t\t\t\t<\/div>\n\t\t\t\t<div class=\"elementor-element elementor-element-4e894d7a elementor-widget-divider--view-line_text elementor-widget-divider--element-align-left elementor-widget elementor-widget-divider\" data-id=\"4e894d7a\" data-element_type=\"widget\" data-e-type=\"widget\" data-widget_type=\"divider.default\">\n\t\t\t\t<div class=\"elementor-widget-container\">\n\t\t\t\t\t\t\t<div class=\"elementor-divider\">\n\t\t\t<span class=\"elementor-divider-separator\">\n\t\t\t\t\t\t\t<span class=\"elementor-divider__text elementor-divider__element\">\n\t\t\t\tVerwalte dein Konto\t\t\t\t<\/span>\n\t\t\t\t\t\t<\/span>\n\t\t<\/div>\n\t\t\t\t\t\t<\/div>\n\t\t\t\t<\/div>\n\t\t\t\t<div class=\"elementor-element elementor-element-2f7b8c39 e-my-account-tabs-vertical elementor-widget elementor-widget-woocommerce-my-account\" data-id=\"2f7b8c39\" data-element_type=\"widget\" data-e-type=\"widget\" data-settings=\"{&quot;customize_dashboard_check&quot;:&quot;yes&quot;}\" data-widget_type=\"woocommerce-my-account.default\">\n\t\t\t\t<div class=\"elementor-widget-container\">\n\t\t\t\t\t<div class=\"e-my-account-tab e-my-account-tab__\">\t\t\t<div class=\"woocommerce\"><div class=\"woocommerce-notices-wrapper\"><\/div>\n\n<div class=\"u-columns col2-set\" id=\"customer_login\">\n\n\t<div class=\"u-column1 col-1\">\n\n\n\t\t<h2 data-no-translation=\"\" data-trp-gettext=\"\">Login<\/h2>\n\n\t\t<form class=\"woocommerce-form woocommerce-form-login login\" method=\"post\" novalidate action=\"\">\n\n\t\t\t\n\t\t\t<p class=\"woocommerce-form-row woocommerce-form-row--wide form-row form-row-wide\">\n\t\t\t\t<label for=\"username\">Username or email address&nbsp;<span class=\"required\" aria-hidden=\"true\">*<\/span><span class=\"screen-reader-text\" data-no-translation=\"\" data-trp-gettext=\"\">Required<\/span><\/label>\n\t\t\t\t<input type=\"text\" class=\"woocommerce-Input woocommerce-Input--text input-text\" name=\"username\" id=\"username\" autocomplete=\"username\" value=\"\" required aria-required=\"true\" \/>\t\t\t<\/p>\n\t\t\t<p class=\"woocommerce-form-row woocommerce-form-row--wide form-row form-row-wide\">\n\t\t\t\t<label for=\"password\">Password&nbsp;<span class=\"required\" aria-hidden=\"true\">*<\/span><span class=\"screen-reader-text\" data-no-translation=\"\" data-trp-gettext=\"\">Required<\/span><\/label>\n\t\t\t\t<input class=\"woocommerce-Input woocommerce-Input--text input-text\" type=\"password\" name=\"password\" id=\"password\" autocomplete=\"current-password\" required aria-required=\"true\" \/>\n\t\t\t<\/p>\n\n\t\t\t<div class=\"g-recaptcha\" id=\"g-recaptcha-1\" data-sitekey=\"6LfINoUqAAAAAH8dSWmw6IOQ3VN4ANoFcKUH1RmW\" data-theme=\"light\" style=\"margin:10px 0px 10px 0px\"><\/div>\n\t\t\t<p class=\"form-row\">\n\t\t\t\t<label class=\"woocommerce-form__label woocommerce-form__label-for-checkbox woocommerce-form-login__rememberme\">\n\t\t\t\t\t<input class=\"woocommerce-form__input woocommerce-form__input-checkbox\" name=\"rememberme\" type=\"checkbox\" id=\"rememberme\" value=\"forever\" \/> <span data-no-translation=\"\" data-trp-gettext=\"\">Remember me<\/span>\n\t\t\t\t<\/label>\n\t\t\t\t<input type=\"hidden\" id=\"woocommerce-login-nonce\" name=\"woocommerce-login-nonce\" value=\"36b0c376ea\" \/><input type=\"hidden\" name=\"_wp_http_referer\" value=\"\/en\/wp-json\/wp\/v2\/pages\/4864\" \/>\t\t\t\t<button type=\"submit\" class=\"woocommerce-button button woocommerce-form-login__submit\" name=\"login\" value=\"Log in\" data-no-translation=\"\" data-trp-gettext=\"\" data-no-translation-value=\"\">Log in<\/button>\n\t\t\t<\/p>\n\t\t\t<p class=\"woocommerce-LostPassword lost_password\">\n\t\t\t\t<a href=\"https:\/\/www.goldheinrich.de\/en\/mein-konto\/lost-password\/\" data-no-translation=\"\" data-trp-gettext=\"\">Lost your password?<\/a>\n\t\t\t<\/p>\n\n\t\t\t\n\t\t<input type=\"hidden\" name=\"trp-form-language\" value=\"en\"\/><\/form>\n\n\n\t<\/div>\n\n\t<div class=\"u-column2 col-2\">\n\n\t\t<h2 data-no-translation=\"\" data-trp-gettext=\"\">Register<\/h2>\n\n\t\t<form method=\"post\" class=\"woocommerce-form woocommerce-form-register register\" action=\"\"  >\n\n\t\t\t\n\t\t\t\n\t\t\t<p class=\"woocommerce-form-row woocommerce-form-row--wide form-row form-row-wide\">\n\t\t\t\t<label for=\"reg_email\">Email address&nbsp;<span class=\"required\" aria-hidden=\"true\">*<\/span><span class=\"screen-reader-text\" data-no-translation=\"\" data-trp-gettext=\"\">Required<\/span><\/label>\n\t\t\t\t<input type=\"email\" class=\"woocommerce-Input woocommerce-Input--text input-text\" name=\"email\" id=\"reg_email\" autocomplete=\"email\" value=\"\" required aria-required=\"true\" \/>\t\t\t<\/p>\n\n\t\t\t\n\t\t\t\t<p data-no-translation=\"\" data-trp-gettext=\"\">A link to set a new password will be sent to your email address.<\/p>\n\n\t\t\t\n\t\t\t<div class=\"g-recaptcha\" id=\"g-recaptcha-2\" data-sitekey=\"6LfINoUqAAAAAH8dSWmw6IOQ3VN4ANoFcKUH1RmW\" data-theme=\"light\" style=\"margin:10px 0px 10px 0px\"><\/div><wc-order-attribution-inputs><\/wc-order-attribution-inputs><p class=\"form-row validate-required\" id=\"german_market_privacy_declaration_field\" data-priority=\"999\"><span class=\"woocommerce-input-wrapper\">\n\t\t\t\t\t<label class=\"woocommerce-form__label woocommerce-form__label-for-checkbox inline\">\n\t\t\t\t\t\t<input class=\"woocommerce-form__input woocommerce-form__input-checkbox\" name=\"german_market_privacy_declaration\" type=\"checkbox\" id=\"german_market_privacy_declaration\" value=\"1\" \/><span>Ich habe die <a href=\"https:\/\/www.goldheinrich.de\/en\/datenschutzerklaerung\/\" class=\"wgm-privacy\" target=\"_blank\">Privacy Policy<\/a> gelesen und stimme ihr zu.<\/span>&nbsp;<span class=\"required\">*<\/span>\n\t\t\t\t\t<\/label>\n\t\t\t\t<\/span><\/p>\n\t\t\t<p class=\"woocommerce-form-row form-row\">\n\t\t\t\t<input type=\"hidden\" id=\"woocommerce-register-nonce\" name=\"woocommerce-register-nonce\" value=\"33c80048c7\" \/><input type=\"hidden\" name=\"_wp_http_referer\" value=\"\/en\/wp-json\/wp\/v2\/pages\/4864\" \/>\t\t\t\t<button type=\"submit\" class=\"woocommerce-Button woocommerce-button button woocommerce-form-register__submit\" name=\"register\" value=\"Register\" data-no-translation=\"\" data-trp-gettext=\"\" data-no-translation-value=\"\">Register<\/button>\n\t\t\t<\/p>\n\n\t\t\t\n\t\t<input type=\"hidden\" name=\"trp-form-language\" value=\"en\"\/><\/form>\n\n\t<\/div>\n\n<\/div>\n\n<\/div>\t\t<\/div>\n\t\t\t\t\t\t<\/div>\n\t\t\t\t<\/div>\n\t\t\t\t\t<\/div>\n\t\t<\/div>\n\t\t\t\t\t<\/div>\n\t\t<\/section>\n\t\t\t\t<\/div>","protected":false},"excerpt":{"rendered":"<p>Mein Gold Heinrich-Konto Verwalte dein Konto Dashboard Bestellungen Downloads Adressen Zahlungsmethoden Konto Details Abmelden Hallo Leon H\u00fcttl (nicht Leon H\u00fcttl? Abmelden) In deiner Konto-\u00dcbersicht kannst du deine letzten Bestellungen ansehen, deine Liefer- und Rechnungsadresse verwalten und dein Passwort und die Kontodetails bearbeiten.<\/p>","protected":false},"author":7,"featured_media":0,"parent":0,"menu_order":0,"comment_status":"closed","ping_status":"closed","template":"","meta":{"footnotes":""},"class_list":["post-4864","page","type-page","status-publish","hentry"],"yoast_head":"<!-- This site is optimized with the Yoast SEO plugin v27.4 - https:\/\/yoast.com\/product\/yoast-seo-wordpress\/ -->\n<title>Mein Konto - Juwelier Gold Heinrich GmbH<\/title>\n<meta name=\"robots\" content=\"index, follow, max-snippet:-1, max-image-preview:large, max-video-preview:-1\" \/>\n<link rel=\"canonical\" href=\"https:\/\/www.goldheinrich.de\/en\/mein-konto\/\" \/>\n<meta property=\"og:locale\" content=\"en_US\" \/>\n<meta property=\"og:type\" content=\"article\" \/>\n<meta property=\"og:title\" content=\"Mein Konto - Juwelier Gold Heinrich GmbH\" \/>\n<meta property=\"og:description\" content=\"Mein Gold Heinrich-Konto Verwalte dein Konto Dashboard Bestellungen Downloads Adressen Zahlungsmethoden Konto Details Abmelden Hallo Leon H\u00fcttl (nicht Leon H\u00fcttl? Abmelden) In deiner Konto-\u00dcbersicht kannst du deine letzten Bestellungen ansehen, deine Liefer- und Rechnungsadresse verwalten und dein Passwort und die Kontodetails bearbeiten.\" \/>\n<meta property=\"og:url\" content=\"https:\/\/www.goldheinrich.de\/en\/mein-konto\/\" \/>\n<meta property=\"og:site_name\" content=\"Juwelier Gold Heinrich GmbH\" \/>\n<meta property=\"article:modified_time\" content=\"2025-06-01T14:18:12+00:00\" \/>\n<meta name=\"twitter:card\" content=\"summary_large_image\" \/>\n<meta name=\"twitter:label1\" content=\"Est. reading time\" \/>\n\t<meta name=\"twitter:data1\" content=\"1 minute\" \/>\n<script type=\"application\/ld+json\" class=\"yoast-schema-graph\">{\"@context\":\"https:\\\/\\\/schema.org\",\"@graph\":[{\"@type\":\"WebPage\",\"@id\":\"https:\\\/\\\/www.goldheinrich.de\\\/mein-konto\\\/\",\"url\":\"https:\\\/\\\/www.goldheinrich.de\\\/mein-konto\\\/\",\"name\":\"Mein Konto - Juwelier Gold Heinrich GmbH\",\"isPartOf\":{\"@id\":\"https:\\\/\\\/www.goldheinrich.de\\\/#website\"},\"datePublished\":\"2025-02-13T15:30:20+00:00\",\"dateModified\":\"2025-06-01T14:18:12+00:00\",\"breadcrumb\":{\"@id\":\"https:\\\/\\\/www.goldheinrich.de\\\/mein-konto\\\/#breadcrumb\"},\"inLanguage\":\"en-US\",\"potentialAction\":[{\"@type\":\"ReadAction\",\"target\":[\"https:\\\/\\\/www.goldheinrich.de\\\/mein-konto\\\/\"]}]},{\"@type\":\"BreadcrumbList\",\"@id\":\"https:\\\/\\\/www.goldheinrich.de\\\/mein-konto\\\/#breadcrumb\",\"itemListElement\":[{\"@type\":\"ListItem\",\"position\":1,\"name\":\"Startseite\",\"item\":\"https:\\\/\\\/www.goldheinrich.de\\\/\"},{\"@type\":\"ListItem\",\"position\":2,\"name\":\"Mein Konto\"}]},{\"@type\":\"WebSite\",\"@id\":\"https:\\\/\\\/www.goldheinrich.de\\\/#website\",\"url\":\"https:\\\/\\\/www.goldheinrich.de\\\/\",\"name\":\"Juwelier Gold Heinrich GmbH\",\"description\":\"Feinster Schmuck und Goldrichtiger Service \u2013 Ihr Juwelier aus Neu-Ulm.\",\"publisher\":{\"@id\":\"https:\\\/\\\/www.goldheinrich.de\\\/#organization\"},\"potentialAction\":[{\"@type\":\"SearchAction\",\"target\":{\"@type\":\"EntryPoint\",\"urlTemplate\":\"https:\\\/\\\/www.goldheinrich.de\\\/?s={search_term_string}\"},\"query-input\":{\"@type\":\"PropertyValueSpecification\",\"valueRequired\":true,\"valueName\":\"search_term_string\"}}],\"inLanguage\":\"en-US\"},{\"@type\":\"Organization\",\"@id\":\"https:\\\/\\\/www.goldheinrich.de\\\/#organization\",\"name\":\"Juwelier Gold Heinrich GmbH\",\"url\":\"https:\\\/\\\/www.goldheinrich.de\\\/\",\"logo\":{\"@type\":\"ImageObject\",\"inLanguage\":\"en-US\",\"@id\":\"https:\\\/\\\/www.goldheinrich.de\\\/#\\\/schema\\\/logo\\\/image\\\/\",\"url\":\"https:\\\/\\\/www.goldheinrich.de\\\/wp-content\\\/uploads\\\/2025\\\/03\\\/Logo-Goldheinrich-GmbH-Webseite-Header.jpg\",\"contentUrl\":\"https:\\\/\\\/www.goldheinrich.de\\\/wp-content\\\/uploads\\\/2025\\\/03\\\/Logo-Goldheinrich-GmbH-Webseite-Header.jpg\",\"width\":1920,\"height\":700,\"caption\":\"Juwelier Gold Heinrich GmbH\"},\"image\":{\"@id\":\"https:\\\/\\\/www.goldheinrich.de\\\/#\\\/schema\\\/logo\\\/image\\\/\"}}]}<\/script>\n<!-- \/ Yoast SEO plugin. -->","yoast_head_json":{"title":"Mein Konto - Juwelier Gold Heinrich GmbH","robots":{"index":"index","follow":"follow","max-snippet":"max-snippet:-1","max-image-preview":"max-image-preview:large","max-video-preview":"max-video-preview:-1"},"canonical":"https:\/\/www.goldheinrich.de\/en\/mein-konto\/","og_locale":"en_US","og_type":"article","og_title":"Mein Konto - Juwelier Gold Heinrich GmbH","og_description":"Mein Gold Heinrich-Konto Verwalte dein Konto Dashboard Bestellungen Downloads Adressen Zahlungsmethoden Konto Details Abmelden Hallo Leon H\u00fcttl (nicht Leon H\u00fcttl? Abmelden) In deiner Konto-\u00dcbersicht kannst du deine letzten Bestellungen ansehen, deine Liefer- und Rechnungsadresse verwalten und dein Passwort und die Kontodetails bearbeiten.","og_url":"https:\/\/www.goldheinrich.de\/en\/mein-konto\/","og_site_name":"Juwelier Gold Heinrich GmbH","article_modified_time":"2025-06-01T14:18:12+00:00","twitter_card":"summary_large_image","twitter_misc":{"Est. reading time":"1 minute"},"schema":{"@context":"https:\/\/schema.org","@graph":[{"@type":"WebPage","@id":"https:\/\/www.goldheinrich.de\/mein-konto\/","url":"https:\/\/www.goldheinrich.de\/mein-konto\/","name":"Mein Konto - Juwelier Gold Heinrich GmbH","isPartOf":{"@id":"https:\/\/www.goldheinrich.de\/#website"},"datePublished":"2025-02-13T15:30:20+00:00","dateModified":"2025-06-01T14:18:12+00:00","breadcrumb":{"@id":"https:\/\/www.goldheinrich.de\/mein-konto\/#breadcrumb"},"inLanguage":"en-US","potentialAction":[{"@type":"ReadAction","target":["https:\/\/www.goldheinrich.de\/mein-konto\/"]}]},{"@type":"BreadcrumbList","@id":"https:\/\/www.goldheinrich.de\/mein-konto\/#breadcrumb","itemListElement":[{"@type":"ListItem","position":1,"name":"Startseite","item":"https:\/\/www.goldheinrich.de\/"},{"@type":"ListItem","position":2,"name":"Mein Konto"}]},{"@type":"WebSite","@id":"https:\/\/www.goldheinrich.de\/#website","url":"https:\/\/www.goldheinrich.de\/","name":"Jeweler Gold Heinrich GmbH","description":"Fine Jewelry and Golden Service \u2013 Your Jeweler from Neu-Ulm.","publisher":{"@id":"https:\/\/www.goldheinrich.de\/#organization"},"potentialAction":[{"@type":"SearchAction","target":{"@type":"EntryPoint","urlTemplate":"https:\/\/www.goldheinrich.de\/?s={search_term_string}"},"query-input":{"@type":"PropertyValueSpecification","valueRequired":true,"valueName":"search_term_string"}}],"inLanguage":"en-US"},{"@type":"Organization","@id":"https:\/\/www.goldheinrich.de\/#organization","name":"Jeweler Gold Heinrich GmbH","url":"https:\/\/www.goldheinrich.de\/","logo":{"@type":"ImageObject","inLanguage":"en-US","@id":"https:\/\/www.goldheinrich.de\/#\/schema\/logo\/image\/","url":"https:\/\/www.goldheinrich.de\/wp-content\/uploads\/2025\/03\/Logo-Goldheinrich-GmbH-Webseite-Header.jpg","contentUrl":"https:\/\/www.goldheinrich.de\/wp-content\/uploads\/2025\/03\/Logo-Goldheinrich-GmbH-Webseite-Header.jpg","width":1920,"height":700,"caption":"Juwelier Gold Heinrich GmbH"},"image":{"@id":"https:\/\/www.goldheinrich.de\/#\/schema\/logo\/image\/"}}]}},"jetpack_sharing_enabled":true,"_links":{"self":[{"href":"https:\/\/www.goldheinrich.de\/en\/wp-json\/wp\/v2\/pages\/4864","targetHints":{"allow":["GET"]}}],"collection":[{"href":"https:\/\/www.goldheinrich.de\/en\/wp-json\/wp\/v2\/pages"}],"about":[{"href":"https:\/\/www.goldheinrich.de\/en\/wp-json\/wp\/v2\/types\/page"}],"author":[{"embeddable":true,"href":"https:\/\/www.goldheinrich.de\/en\/wp-json\/wp\/v2\/users\/7"}],"replies":[{"embeddable":true,"href":"https:\/\/www.goldheinrich.de\/en\/wp-json\/wp\/v2\/comments?post=4864"}],"version-history":[{"count":0,"href":"https:\/\/www.goldheinrich.de\/en\/wp-json\/wp\/v2\/pages\/4864\/revisions"}],"wp:attachment":[{"href":"https:\/\/www.goldheinrich.de\/en\/wp-json\/wp\/v2\/media?parent=4864"}],"curies":[{"name":"WordPress","href":"https:\/\/api.w.org\/{rel}","templated":true}]}}